{"id":190,"date":"2021-08-09T15:53:42","date_gmt":"2021-08-09T13:53:42","guid":{"rendered":"https:\/\/fischergasse1.de\/?page_id=190"},"modified":"2023-02-09T12:06:18","modified_gmt":"2023-02-09T11:06:18","slug":"gastgeber","status":"publish","type":"page","link":"https:\/\/fischergasse1.de\/en\/gastgeber\/","title":{"rendered":"Your Hosts"},"content":{"rendered":"<div data-elementor-type=\"wp-page\" data-elementor-id=\"190\" class=\"elementor elementor-190\" data-elementor-post-type=\"page\">\n\t\t\t\t\t\t<section class=\"elementor-section elementor-top-section elementor-element elementor-element-8f39611 elementor-section-height-min-height elementor-section-items-bottom elementor-section-boxed elementor-section-height-default\" data-id=\"8f39611\" data-element_type=\"section\" data-settings=\"{&quot;background_background&quot;:&quot;classic&quot;}\">\n\t\t\t\t\t\t\t<div class=\"elementor-background-overlay\"><\/div>\n\t\t\t\t\t\t\t<div class=\"elementor-container elementor-column-gap-default\">\n\t\t\t\t\t<div class=\"elementor-column elementor-col-100 elementor-top-column elementor-element elementor-element-658471e\" data-id=\"658471e\" data-element_type=\"column\" data-settings=\"{&quot;background_background&quot;:&quot;classic&quot;}\">\n\t\t\t<div class=\"elementor-widget-wrap elementor-element-populated\">\n\t\t\t\t\t\t<div class=\"elementor-element elementor-element-2678bfa elementor-widget elementor-widget-heading\" data-id=\"2678bfa\" data-element_type=\"widget\" data-widget_type=\"heading.default\">\n\t\t\t\t<div class=\"elementor-widget-container\">\n\t\t\t\t\t<h1 class=\"elementor-heading-title elementor-size-default\">Your Hosts<\/h1>\t\t\t\t<\/div>\n\t\t\t\t<\/div>\n\t\t\t\t\t<\/div>\n\t\t<\/div>\n\t\t\t\t\t<\/div>\n\t\t<\/section>\n\t\t\t\t<section class=\"elementor-section elementor-top-section elementor-element elementor-element-d8a550f elementor-section-boxed elementor-section-height-default elementor-section-height-default\" data-id=\"d8a550f\" data-element_type=\"section\">\n\t\t\t\t\t\t<div class=\"elementor-container elementor-column-gap-default\">\n\t\t\t\t\t<div class=\"elementor-column elementor-col-50 elementor-top-column elementor-element elementor-element-b77a22e\" data-id=\"b77a22e\" data-element_type=\"column\">\n\t\t\t<div class=\"elementor-widget-wrap elementor-element-populated\">\n\t\t\t\t\t\t<div class=\"elementor-element elementor-element-40b583d elementor-widget elementor-widget-text-editor\" data-id=\"40b583d\" data-element_type=\"widget\" data-widget_type=\"text-editor.default\">\n\t\t\t\t<div class=\"elementor-widget-container\">\n\t\t\t\t\t\t\t\t\t<p><span style=\"font-weight: 400;\">The Fischergasse 1 provided a safe roof over the head of many generations. To us, it gave everything that both our families needed and valued. But after our children grew up, the house became empty. We wanted to bring the beautiful building back to life and realized that sharing it with vacation guests would provide a unique opportunity for many to enjoy this beautiful place and surrounding area.\u00a0<\/span><\/p><p><span style=\"font-weight: 400;\">So we decided it was worth a try! It took almost seven years of renovation to bring the old house back to its former beauty. We worked on it with our own hands and are proud to see its loveliness and hospitality restored. In 2018 we finally were able to invite our first guests.<\/span><\/p>\t\t\t\t\t\t\t\t<\/div>\n\t\t\t\t<\/div>\n\t\t\t\t\t<\/div>\n\t\t<\/div>\n\t\t\t\t<div class=\"elementor-column elementor-col-50 elementor-top-column elementor-element elementor-element-1ce37bf\" data-id=\"1ce37bf\" data-element_type=\"column\">\n\t\t\t<div class=\"elementor-widget-wrap elementor-element-populated\">\n\t\t\t\t\t\t<div class=\"elementor-element elementor-element-735af42 elementor-widget elementor-widget-image\" data-id=\"735af42\" data-element_type=\"widget\" data-widget_type=\"image.default\">\n\t\t\t\t<div class=\"elementor-widget-container\">\n\t\t\t\t\t\t\t\t\t\t\t\t\t\t\t<img fetchpriority=\"high\" decoding=\"async\" width=\"800\" height=\"450\" src=\"https:\/\/fischergasse1.de\/wp-content\/uploads\/2021\/12\/Gastgeber_Dagmar-1024x576.jpg\" class=\"attachment-large size-large wp-image-1089\" alt=\"Gastgeberin Dagmar\" srcset=\"https:\/\/fischergasse1.de\/wp-content\/uploads\/2021\/12\/Gastgeber_Dagmar-1024x576.jpg 1024w, https:\/\/fischergasse1.de\/wp-content\/uploads\/2021\/12\/Gastgeber_Dagmar-300x169.jpg 300w, https:\/\/fischergasse1.de\/wp-content\/uploads\/2021\/12\/Gastgeber_Dagmar-768x432.jpg 768w, https:\/\/fischergasse1.de\/wp-content\/uploads\/2021\/12\/Gastgeber_Dagmar.jpg 1920w\" sizes=\"(max-width: 800px) 100vw, 800px\" \/>\t\t\t\t\t\t\t\t\t\t\t\t\t\t\t<\/div>\n\t\t\t\t<\/div>\n\t\t\t\t\t<\/div>\n\t\t<\/div>\n\t\t\t\t\t<\/div>\n\t\t<\/section>\n\t\t\t\t<section class=\"elementor-section elementor-top-section elementor-element elementor-element-2c401b2 reverse-columns-mobile  elementor-section-boxed elementor-section-height-default elementor-section-height-default\" data-id=\"2c401b2\" data-element_type=\"section\">\n\t\t\t\t\t\t<div class=\"elementor-container elementor-column-gap-default\">\n\t\t\t\t\t<div class=\"elementor-column elementor-col-50 elementor-top-column elementor-element elementor-element-c55298e\" data-id=\"c55298e\" data-element_type=\"column\">\n\t\t\t<div class=\"elementor-widget-wrap elementor-element-populated\">\n\t\t\t\t\t\t<div class=\"elementor-element elementor-element-5539657 elementor-widget elementor-widget-image\" data-id=\"5539657\" data-element_type=\"widget\" data-widget_type=\"image.default\">\n\t\t\t\t<div class=\"elementor-widget-container\">\n\t\t\t\t\t\t\t\t\t\t\t\t\t\t\t<img decoding=\"async\" width=\"800\" height=\"450\" src=\"https:\/\/fischergasse1.de\/wp-content\/uploads\/2021\/12\/Gastgeber_Michel-1024x576.jpg\" class=\"attachment-large size-large wp-image-1090\" alt=\"Gastgeber Michel\" srcset=\"https:\/\/fischergasse1.de\/wp-content\/uploads\/2021\/12\/Gastgeber_Michel-1024x576.jpg 1024w, https:\/\/fischergasse1.de\/wp-content\/uploads\/2021\/12\/Gastgeber_Michel-300x169.jpg 300w, https:\/\/fischergasse1.de\/wp-content\/uploads\/2021\/12\/Gastgeber_Michel-768x432.jpg 768w, https:\/\/fischergasse1.de\/wp-content\/uploads\/2021\/12\/Gastgeber_Michel.jpg 1920w\" sizes=\"(max-width: 800px) 100vw, 800px\" \/>\t\t\t\t\t\t\t\t\t\t\t\t\t\t\t<\/div>\n\t\t\t\t<\/div>\n\t\t\t\t\t<\/div>\n\t\t<\/div>\n\t\t\t\t<div class=\"elementor-column elementor-col-50 elementor-top-column elementor-element elementor-element-a3f5a26\" data-id=\"a3f5a26\" data-element_type=\"column\">\n\t\t\t<div class=\"elementor-widget-wrap elementor-element-populated\">\n\t\t\t\t\t\t<div class=\"elementor-element elementor-element-2efb59b elementor-widget elementor-widget-text-editor\" data-id=\"2efb59b\" data-element_type=\"widget\" data-widget_type=\"text-editor.default\">\n\t\t\t\t<div class=\"elementor-widget-container\">\n\t\t\t\t\t\t\t\t\t<p><span style=\"font-weight: 400;\">Many guests are surprised about how well the old structures harmonize with new technology. This positive feedback shows that our persistence has been bearing fruit and is incredibly rewarding. <\/span><span style=\"font-weight: 400;\"><br \/><\/span><span style=\"font-weight: 400;\"><br \/><\/span><span style=\"font-weight: 400;\">Our own house, which is protected under cultural heritage, is in the next alley and even older. We are happy to share anything we value in the region with our esteemed guests.<\/span> <span style=\"font-weight: 400;\">The surrounding scenic landscape with its old history still touches us deeply and we enjoy every single trip in the area. There is no better way to relax.<\/span><\/p>\t\t\t\t\t\t\t\t<\/div>\n\t\t\t\t<\/div>\n\t\t\t\t\t<\/div>\n\t\t<\/div>\n\t\t\t\t\t<\/div>\n\t\t<\/section>\n\t\t\t\t<\/div>","protected":false},"excerpt":{"rendered":"<p>Die Gastgeber Die Fischergasse 1 war f\u00fcr mehrere Jahrhunderte vielen Generationen ein sicheres Dach \u00fcber dem Kopf. Und auch wir fanden hier alles, was unsere beiden Familien brauchten und wertsch\u00e4tzten. Nachdem unsere Kinder erwachsen waren, hatte das Haus jedoch keine Verwendung mehr. Es stellte sich also die Frage, welchen Nutzen es k\u00fcnftig haben k\u00f6nnte. Vielleicht [&hellip;]<\/p>\n","protected":false},"author":1,"featured_media":0,"parent":0,"menu_order":0,"comment_status":"closed","ping_status":"closed","template":"","meta":{"footnotes":""},"class_list":["post-190","page","type-page","status-publish","hentry"],"_links":{"self":[{"href":"https:\/\/fischergasse1.de\/en\/wp-json\/wp\/v2\/pages\/190","targetHints":{"allow":["GET"]}}],"collection":[{"href":"https:\/\/fischergasse1.de\/en\/wp-json\/wp\/v2\/pages"}],"about":[{"href":"https:\/\/fischergasse1.de\/en\/wp-json\/wp\/v2\/types\/page"}],"author":[{"embeddable":true,"href":"https:\/\/fischergasse1.de\/en\/wp-json\/wp\/v2\/users\/1"}],"replies":[{"embeddable":true,"href":"https:\/\/fischergasse1.de\/en\/wp-json\/wp\/v2\/comments?post=190"}],"version-history":[{"count":0,"href":"https:\/\/fischergasse1.de\/en\/wp-json\/wp\/v2\/pages\/190\/revisions"}],"wp:attachment":[{"href":"https:\/\/fischergasse1.de\/en\/wp-json\/wp\/v2\/media?parent=190"}],"curies":[{"name":"wp","href":"https:\/\/api.w.org\/{rel}","templated":true}]}}